{"id":7,"date":"2009-07-25T12:41:19","date_gmt":"2009-07-25T10:41:19","guid":{"rendered":"http:\/\/mapache.macbay.de\/wordpress\/?page_id=2"},"modified":"2015-02-07T12:58:12","modified_gmt":"2015-02-07T10:58:12","slug":"eine-seite","status":"publish","type":"page","link":"http:\/\/mapaches-welt.de\/reiseblog\/eine-seite\/","title":{"rendered":"Mapache"},"content":{"rendered":"<p>Schaut doch einfach auf eine meiner Webseiten:<\/p>\n<p><a href=\"http:\/\/mapache.macbay.de\" target=\"_blank\">Mapaches Welt<\/a><\/p>\n<p><a title=\"Carnaval de Barranquilla\" href=\"http:\/\/carnaval-barranquilla.de\">Carnaval de Barranquilla<\/a><\/p>\n<div id=\"mbt-container\"><div itemscope itemtype=\"https:\/\/schema.org\/Book\" id=\"post-297\" class=\"mbt-book mbt-book-excerpt\"><div class=\"mbt-book-images \"><a href=\"http:\/\/mapaches-welt.de\/reiseblog\/books\/carnaval-de-barranquilla\/\"><img itemprop=\"image\" alt=\"Carnaval de Barranquilla\" class=\" mbt-book-image\" sizes=\"25vw\" src=\"https:\/\/i0.wp.com\/mapaches-welt.de\/reiseblog\/wp-content\/uploads\/2015\/02\/Titel-Cutout.png?resize=311%2C400\" srcset=\"https:\/\/i0.wp.com\/mapaches-welt.de\/reiseblog\/wp-content\/uploads\/2015\/02\/Titel-Cutout.png?resize=311%2C400 311w, https:\/\/i0.wp.com\/mapaches-welt.de\/reiseblog\/wp-content\/uploads\/2015\/02\/Titel-Cutout.png?w=563 563w\" data-recalc-dims=\"1\"><\/a><\/div><div class=\"mbt-book-right\"><h2 class=\"mbt-book-title\" itemprop=\"name\">\n\t<a href=\"http:\/\/mapaches-welt.de\/reiseblog\/books\/carnaval-de-barranquilla\/\">Carnaval de Barranquilla<\/a>\n<\/h2><div class=\"mbt-book-meta\">\n\t<span class=\"mbt-meta-item mbt-meta-mbt_author\"><span class=\"mbt-meta-title\">Autor:<\/span> <a itemprop=\"author\" href=\"http:\/\/mapaches-welt.de\/reiseblog\/autoren\/bernd-lutz\/\">Bernd Lutz<\/a><\/span><br>\t\t<span class=\"mbt-meta-item mbt-meta-mbt_genre\"><span class=\"mbt-meta-title\">Genre:<\/span> <a itemprop=\"genre\" href=\"http:\/\/mapaches-welt.de\/reiseblog\/genre\/photography\/\">Photography<\/a><\/span><br>\t<\/div><div itemprop=\"description\" class=\"mbt-book-blurb\">\n\t<p>Suram\u00e9rica, Colombia y un viaje fotogr\u00e1fico sin igual a un mundo desconocido y colorido: Barranquilla. Un lugar, que una vez al a\u00f1o celebra de coraz\u00f3n y con su alma su amado carnaval. Este libro lo invita en sus ocho cap\u00edtulos a hacer un fascinante viaje por el mundo carnavelero en Barranquilla y al mismo tiempo a muchos lugares inolvidables de la Costa Caribe.<\/p>\n<p>Texts in the Book are Spanish, English and German.<\/p>\n <a href=\"http:\/\/mapaches-welt.de\/reiseblog\/books\/carnaval-de-barranquilla\/\" class=\"mbt-read-more\">Weitere Informationen \u2192<\/a><\/div><div class=\"mbt-book-buybuttons\"><div class=\"mbt-book-buybutton\"><a onclick=\"if(typeof window._gaq !== 'undefined'){window._gaq.push(['_trackEvent', 'MyBookTable', 'Apple Books Buy Button Click', 'Carnaval de Barranquilla']);}\" href=\"https:\/\/geo.itunes.apple.com\/book\/carnaval-de-barranquilla\/id662887370?uo=8&amp;at=\" target=\"_blank\" rel=\"nofollow\"><img src=\"https:\/\/i0.wp.com\/mapaches-welt.de\/reiseblog\/wp-content\/plugins\/mybooktable\/styles\/grey_flat\/ibooks_button.png?w=800\" border=\"0\" alt=\"Kaufen von Apple Books\" data-recalc-dims=\"1\"\/><\/a><\/div><div style=\"clear:both;\"><\/div><\/div><\/div>\t<div style=\"clear:both;\"><\/div>\n<\/div><\/div>\n<h2><strong>Kontakt<\/strong><\/h2>\n<p>[bestwebsoft_contact_form]<\/p>\n","protected":false},"excerpt":{"rendered":"<p>Schaut doch einfach auf eine meiner Webseiten: Mapaches Welt Carnaval de Barranquilla Kontakt [bestwebsoft_contact_form]<\/p>\n","protected":false},"author":2,"featured_media":0,"parent":0,"menu_order":0,"comment_status":"open","ping_status":"open","template":"","meta":{"ngg_post_thumbnail":0},"jetpack_shortlink":"https:\/\/wp.me\/P5BBS7-7","_links":{"self":[{"href":"http:\/\/mapaches-welt.de\/reiseblog\/wp-json\/wp\/v2\/pages\/7"}],"collection":[{"href":"http:\/\/mapaches-welt.de\/reiseblog\/wp-json\/wp\/v2\/pages"}],"about":[{"href":"http:\/\/mapaches-welt.de\/reiseblog\/wp-json\/wp\/v2\/types\/page"}],"author":[{"embeddable":true,"href":"http:\/\/mapaches-welt.de\/reiseblog\/wp-json\/wp\/v2\/users\/2"}],"replies":[{"embeddable":true,"href":"http:\/\/mapaches-welt.de\/reiseblog\/wp-json\/wp\/v2\/comments?post=7"}],"version-history":[{"count":3,"href":"http:\/\/mapaches-welt.de\/reiseblog\/wp-json\/wp\/v2\/pages\/7\/revisions"}],"predecessor-version":[{"id":327,"href":"http:\/\/mapaches-welt.de\/reiseblog\/wp-json\/wp\/v2\/pages\/7\/revisions\/327"}],"wp:attachment":[{"href":"http:\/\/mapaches-welt.de\/reiseblog\/wp-json\/wp\/v2\/media?parent=7"}],"curies":[{"name":"wp","href":"https:\/\/api.w.org\/{rel}","templated":true}]}}